{"id":13583,"date":"2025-04-23T08:55:01","date_gmt":"2025-04-23T06:55:01","guid":{"rendered":"https:\/\/leschourave.com\/?page_id=13583"},"modified":"2025-04-23T09:01:42","modified_gmt":"2025-04-23T07:01:42","slug":"bilan-carbone-production-les-chourave","status":"publish","type":"page","link":"https:\/\/leschourave.com\/?page_id=13583","title":{"rendered":"BILAN CARBONE &#8211; PRODUCTION \u00ab\u00a0LES CHOURAVE\u00a0\u00bb"},"content":{"rendered":"\t\t<div data-elementor-type=\"wp-page\" data-elementor-id=\"13583\" class=\"elementor elementor-13583\" data-elementor-post-type=\"page\">\n\t\t\t\t<div data-particle_enable=\"false\" data-particle-mobile-disabled=\"false\" class=\"elementor-element elementor-element-389496d e-flex e-con-boxed e-con e-parent\" data-id=\"389496d\" data-element_type=\"container\">\n\t\t\t\t\t<div class=\"e-con-inner\">\n\t\t\t\t<div class=\"elementor-element elementor-element-aadda96 elementor-widget elementor-widget-heading\" data-id=\"aadda96\" data-element_type=\"widget\" data-widget_type=\"heading.default\">\n\t\t\t\t<div class=\"elementor-widget-container\">\n\t\t\t<h3 class=\"elementor-heading-title elementor-size-default\">BILAN CARBONE - PRODUCTION \"LES CHOURAVE\"<\/h3>\t\t<\/div>\n\t\t\t\t<\/div>\n\t\t\t\t<div class=\"elementor-element elementor-element-94462c0 elementor-widget-tablet__width-initial elementor-widget elementor-widget-heading\" data-id=\"94462c0\" data-element_type=\"widget\" data-widget_type=\"heading.default\">\n\t\t\t\t<div class=\"elementor-widget-container\">\n\t\t\t<h6 class=\"elementor-heading-title elementor-size-default\"><a href=\"https:\/\/leschourave.com\/wp-content\/uploads\/2025\/04\/Empreinte-carbone-Film-IA-vs-Tournage.pdf\" target=\"_blank\">*T\u00e9l\u00e9chargez le dossier PDF\u200b<\/a><\/h6>\t\t<\/div>\n\t\t\t\t<\/div>\n\t\t\t\t\t<\/div>\n\t\t\t\t<\/div>\n\t\t<div data-particle_enable=\"false\" data-particle-mobile-disabled=\"false\" class=\"elementor-element elementor-element-e471e81 e-flex e-con-boxed e-con e-parent\" data-id=\"e471e81\" data-element_type=\"container\" data-settings=\"{&quot;background_background&quot;:&quot;classic&quot;}\">\n\t\t\t\t\t<div class=\"e-con-inner\">\n\t\t<div data-particle_enable=\"false\" data-particle-mobile-disabled=\"false\" class=\"elementor-element elementor-element-ceb42b6 e-con-full e-flex e-con e-child\" data-id=\"ceb42b6\" data-element_type=\"container\">\n\t\t\t\t<div class=\"elementor-element elementor-element-7b139f9 elementor-widget-laptop__width-initial elementor-widget-widescreen__width-initial elementor-widget-tablet_extra__width-initial elementor-widget elementor-widget-text-editor\" data-id=\"7b139f9\" data-element_type=\"widget\" data-widget_type=\"text-editor.default\">\n\t\t\t\t<div class=\"elementor-widget-container\">\n\t\t\t\t\t\t\t<p><b>1 &#8211; PRODUCTION D&rsquo;UNE S\u00c9RIE PAR INTELLIGENCE ARTIFICIELLE<\/b><\/p>\t\t\t\t\t\t<\/div>\n\t\t\t\t<\/div>\n\t\t\t\t<div class=\"elementor-element elementor-element-a1b0b14 elementor-widget-laptop__width-initial elementor-widget elementor-widget-text-editor\" data-id=\"a1b0b14\" data-element_type=\"widget\" data-widget_type=\"text-editor.default\">\n\t\t\t\t<div class=\"elementor-widget-container\">\n\t\t\t\t\t\t\t<p><span style=\"color: #ffffff;\"><b>Empreinte carbone estim\u00e9e :<\/b><\/span><\/p><ul><li><span style=\"color: #ffffff;\">Production globale<span style=\"font-weight: 400;\"> : 180 kg CO\u2082e<\/span><\/span><\/li><li><span style=\"color: #ffffff;\">\u00c9lectricit\u00e9 (ordinateurs IA)<span style=\"font-weight: 400;\"> : ~150 kg CO\u2082e<\/span><\/span><\/li><li><span style=\"color: #ffffff;\">Transport (domicile \u2013 lieu de travail)<span style=\"font-weight: 400;\"> : ~30 kg CO\u2082e<\/span><\/span><\/li><li><span style=\"color: #ffffff;\">Ressources mat\u00e9rielles (mat\u00e9riel existant)<span style=\"font-weight: 400;\"> : <\/span>0 kg CO\u2082e<span style=\"font-weight: 400;\"> (pas de nouveaux achats)<\/span><\/span><\/li><li><span style=\"color: #ffffff;\">D\u00e9placements internationaux, logistique lourde, d\u00e9cors, costumes<span style=\"font-weight: 400;\"> : <\/span>0 kg CO\u2082e<\/span><\/li><li><span style=\"color: #ffffff;\">Dur\u00e9e de production<span style=\"font-weight: 400;\"> : 15 semaines<\/span><\/span><\/li><li><span style=\"color: #ffffff;\">\u00c9quipe<span style=\"font-weight: 400;\"> : 2 personnes<\/span><\/span><\/li><li><span style=\"color: #ffffff;\">Technologies utilis\u00e9es<span style=\"font-weight: 400;\"> : IA g\u00e9n\u00e9rative (texte &gt; image, image &gt; vid\u00e9o, IA musicale, montage IA)<\/span><\/span><\/li><\/ul><p><span style=\"color: #ffffff;\"><b>Bilan estim\u00e9 \u2013 Empreinte carbone\u00a0 de 250 Kg de CO\u2082<\/b><\/span><\/p>\t\t\t\t\t\t<\/div>\n\t\t\t\t<\/div>\n\t\t\t\t<div class=\"elementor-element elementor-element-993ffc8 elementor-widget-laptop__width-initial elementor-widget-tablet_extra__width-initial elementor-widget-tablet__width-initial elementor-widget-mobile_extra__width-initial elementor-widget elementor-widget-text-editor\" data-id=\"993ffc8\" data-element_type=\"widget\" data-widget_type=\"text-editor.default\">\n\t\t\t\t<div class=\"elementor-widget-container\">\n\t\t\t\t\t\t\t<table><tbody><tr><td><p><b>Activit\u00e9<\/b><\/p><\/td><td><p><b>\u00c9mission estim\u00e9e<\/b><\/p><\/td><\/tr><tr><td><p><span style=\"font-weight: 400;\">Utilisation d\u2019ordinateurs (2 pers.)<\/span><\/p><\/td><td><p><span style=\"font-weight: 400;\">~120 kg CO\u2082e<\/span><\/p><\/td><\/tr><tr><td><p><span style=\"font-weight: 400;\">Stockage Cloud &amp; serveurs IA<\/span><\/p><\/td><td><p><span style=\"font-weight: 400;\">~80 kg CO\u2082e<\/span><\/p><\/td><\/tr><tr><td><p><span style=\"font-weight: 400;\">D\u00e9placements (n\u00e9gligeables)<\/span><\/p><\/td><td><p><span style=\"font-weight: 400;\">~10 kg CO\u2082e<\/span><\/p><\/td><\/tr><tr><td><p><span style=\"font-weight: 400;\">Alimentation \u00e9lectrique (15 sem.)<\/span><\/p><\/td><td><p><span style=\"font-weight: 400;\">~40 kg CO\u2082e<\/span><\/p><\/td><\/tr><tr><td><p><b>Total<\/b><\/p><\/td><td><p><b>250 kg CO\u2082e<\/b><\/p><\/td><\/tr><\/tbody><\/table>\t\t\t\t\t\t<\/div>\n\t\t\t\t<\/div>\n\t\t\t\t<div class=\"elementor-element elementor-element-340b8a1 elementor-widget-widescreen__width-initial elementor-widget-laptop__width-initial elementor-widget-tablet_extra__width-initial elementor-widget elementor-widget-text-editor\" data-id=\"340b8a1\" data-element_type=\"widget\" data-widget_type=\"text-editor.default\">\n\t\t\t\t<div class=\"elementor-widget-container\">\n\t\t\t\t\t\t\t<p><b>2 &#8211; EMPREINTE CARBONE MOYENNE D\u2019UN TOURNAGE DE FILM<\/b><\/p>\t\t\t\t\t\t<\/div>\n\t\t\t\t<\/div>\n\t\t\t\t<div class=\"elementor-element elementor-element-67d9f79 elementor-widget-laptop__width-initial elementor-widget elementor-widget-text-editor\" data-id=\"67d9f79\" data-element_type=\"widget\" data-widget_type=\"text-editor.default\">\n\t\t\t\t<div class=\"elementor-widget-container\">\n\t\t\t\t\t\t\t<p data-start=\"401\" data-end=\"430\"><span style=\"color: #ffffff;\"><strong data-start=\"408\" data-end=\"430\">Sc\u00e9nario de base :<\/strong><\/span><\/p><ul><li><span style=\"color: #ffffff;\"><strong data-start=\"433\" data-end=\"454\">Dur\u00e9e du tournage<\/strong> : 30 jours<\/span><\/li><li><span style=\"color: #ffffff;\"><strong data-start=\"470\" data-end=\"478\">Lieu<\/strong> : tournage en France, d\u00e9placements nationaux<\/span><\/li><li><span style=\"color: #ffffff;\"><strong data-start=\"526\" data-end=\"536\">\u00c9quipe<\/strong> : ~50 personnes (r\u00e9alisateur, techniciens, com\u00e9diens, production, etc.)<\/span><\/li><li><span style=\"color: #ffffff;\"><strong data-start=\"611\" data-end=\"623\">Mat\u00e9riel<\/strong> : cam\u00e9ras, lumi\u00e8res, d\u00e9cors, costumes, r\u00e9gie\u2026<\/span><\/li><li><span style=\"color: #ffffff;\"><strong data-start=\"672\" data-end=\"686\">Transports<\/strong> : v\u00e9hicules de location, quelques vols internes<\/span><\/li><li><span style=\"color: #ffffff;\"><strong data-start=\"737\" data-end=\"752\">H\u00e9bergement<\/strong> : h\u00f4tels<\/span><\/li><li><span style=\"color: #ffffff;\"><strong data-start=\"764\" data-end=\"780\">Alimentation<\/strong> : 3 repas\/jour\/personne<\/span><\/li><\/ul><p><span style=\"color: #ffffff;\"><b>Bilan estim\u00e9 \u2013 Empreinte carbone d&rsquo;environ 60 000 \u00e0 100 000 kg de CO\u2082<\/b><\/span><\/p>\t\t\t\t\t\t<\/div>\n\t\t\t\t<\/div>\n\t\t\t\t<div class=\"elementor-element elementor-element-80e879a elementor-widget-laptop__width-initial elementor-widget-tablet_extra__width-initial elementor-widget-tablet__width-initial elementor-widget-mobile_extra__width-initial elementor-widget elementor-widget-text-editor\" data-id=\"80e879a\" data-element_type=\"widget\" data-widget_type=\"text-editor.default\">\n\t\t\t\t<div class=\"elementor-widget-container\">\n\t\t\t\t\t\t\t<table><tbody><tr><td><p><b>Poste<\/b><\/p><\/td><td><p><b>\u00c9missions moyennes en CO\u2082 (kg)<\/b><\/p><\/td><\/tr><tr><td><p><b>Transports (\u00e9quipe + mat\u00e9riel)<\/b><\/p><\/td><td><p><span style=\"font-weight: 400;\">30 000 \u00e0 50 000 kg<\/span><\/p><\/td><\/tr><tr><td><p><b>\u00c9lectricit\u00e9 &amp; carburant plateau<\/b><\/p><\/td><td><p><span style=\"font-weight: 400;\">10 000 \u00e0 20 000 kg<\/span><\/p><\/td><\/tr><tr><td><p><b>H\u00e9bergement (30 jours)<\/b><\/p><\/td><td><p><span style=\"font-weight: 400;\">6 000 \u00e0 10 000 kg<\/span><\/p><\/td><\/tr><tr><td><p><b>Alimentation<\/b><\/p><\/td><td><p><span style=\"font-weight: 400;\">3 000 \u00e0 5 000 kg<\/span><\/p><\/td><\/tr><tr><td><p><b>Mat\u00e9riel et d\u00e9cors (achat\/fabrication)<\/b><\/p><\/td><td><p><span style=\"font-weight: 400;\">10 000 \u00e0 15 000 kg<\/span><\/p><\/td><\/tr><tr><td><p><b>Post-production (serveurs, \u00e9nergie)<\/b><\/p><\/td><td><p><span style=\"font-weight: 400;\">2 000 \u00e0 4 000 kg<\/span><\/p><\/td><\/tr><tr><td><p><b>Divers (impressions, costumes, d\u00e9chets)<\/b><\/p><\/td><td><p><span style=\"font-weight: 400;\">1 000 \u00e0 2 000 kg<\/span><\/p><\/td><\/tr><\/tbody><\/table>\t\t\t\t\t\t<\/div>\n\t\t\t\t<\/div>\n\t\t\t\t<div class=\"elementor-element elementor-element-f6c72a2 elementor-widget-widescreen__width-initial elementor-widget-laptop__width-initial elementor-widget-tablet_extra__width-initial elementor-widget elementor-widget-text-editor\" data-id=\"f6c72a2\" data-element_type=\"widget\" data-widget_type=\"text-editor.default\">\n\t\t\t\t<div class=\"elementor-widget-container\">\n\t\t\t\t\t\t\t<p><b>3 &#8211; COMPARATIF \u2013 FILM CLASSIQUE VS FILM IA<\/b><\/p>\t\t\t\t\t\t<\/div>\n\t\t\t\t<\/div>\n\t\t\t\t<div class=\"elementor-element elementor-element-492cdc7 elementor-widget-laptop__width-initial elementor-widget-tablet_extra__width-initial elementor-widget-tablet__width-initial elementor-widget-mobile_extra__width-initial elementor-widget elementor-widget-text-editor\" data-id=\"492cdc7\" data-element_type=\"widget\" data-widget_type=\"text-editor.default\">\n\t\t\t\t<div class=\"elementor-widget-container\">\n\t\t\t\t\t\t\t<table><tbody><tr><td><p><span style=\"color: #ffffff;\"><b>Crit\u00e8re<\/b><\/span><\/p><\/td><td><p><span style=\"color: #ffffff;\"><b>Film Classique (90 min)<\/b><\/span><\/p><\/td><td><p><span style=\"color: #ffffff;\"><b>Film via IA (90 min)<\/b><\/span><\/p><\/td><\/tr><tr><td><p><span style=\"font-weight: 400; color: #ffffff;\">\u00c9quipe<\/span><\/p><\/td><td><p><span style=\"font-weight: 400; color: #ffffff;\">30 \u00e0 80 personnes<\/span><\/p><\/td><td><p><span style=\"font-weight: 400; color: #ffffff;\">2 personnes<\/span><\/p><\/td><\/tr><tr><td><p><span style=\"font-weight: 400; color: #ffffff;\">Dur\u00e9e de production<\/span><\/p><\/td><td><p><span style=\"font-weight: 400; color: #ffffff;\">4 \u00e0 12 mois<\/span><\/p><\/td><td><p><span style=\"font-weight: 400; color: #ffffff;\">3 \u00e0 4 mois<\/span><\/p><\/td><\/tr><tr><td><p><span style=\"font-weight: 400; color: #ffffff;\">D\u00e9placements (tournage)<\/span><\/p><\/td><td><p><span style=\"font-weight: 400; color: #ffffff;\">10 000 \u00e0 30 000 km cumul\u00e9s<\/span><\/p><\/td><td><p><span style=\"font-weight: 400; color: #ffffff;\">&lt; 100 km<\/span><\/p><\/td><\/tr><tr><td><p><span style=\"font-weight: 400; color: #ffffff;\">\u00c9missions carbone totales<\/span><\/p><\/td><td><p><span style=\"color: #ffffff;\"><span style=\"font-weight: 400;\">\u2248 <\/span><b>40 000 \u00e0 100 000 kg<\/b><span style=\"font-weight: 400;\"> CO\u2082e<\/span><\/span><\/p><\/td><td><p><span style=\"color: #ffffff;\"><span style=\"font-weight: 400;\">\u2248 <\/span><b>250 kg<\/b><span style=\"font-weight: 400;\"> CO\u2082e<\/span><\/span><\/p><\/td><\/tr><tr><td><p><span style=\"font-weight: 400; color: #ffffff;\">D\u00e9chets &amp; d\u00e9cors physiques<\/span><\/p><\/td><td><p><span style=\"font-weight: 400; color: #ffffff;\">Importants<\/span><\/p><\/td><td><p><span style=\"font-weight: 400; color: #ffffff;\">Nuls<\/span><\/p><\/td><\/tr><tr><td><p><span style=\"color: #ffffff;\"><b>Co\u00fbt moyen<\/b><\/span><\/p><\/td><td><p><span style=\"color: #ffffff;\"><b>500 000 \u20ac \u00e0 2 M \u20ac<\/b><\/span><\/p><\/td><td><p><span style=\"color: #ffffff;\"><b>5 000 \u20ac \u00e0 20 000 \u20ac<\/b><\/span><\/p><\/td><\/tr><\/tbody><\/table>\t\t\t\t\t\t<\/div>\n\t\t\t\t<\/div>\n\t\t\t\t<div class=\"elementor-element elementor-element-571a3fd elementor-widget-widescreen__width-initial elementor-widget-laptop__width-initial elementor-widget-tablet_extra__width-initial elementor-widget elementor-widget-text-editor\" data-id=\"571a3fd\" data-element_type=\"widget\" data-widget_type=\"text-editor.default\">\n\t\t\t\t<div class=\"elementor-widget-container\">\n\t\t\t\t\t\t\t<p><b>4 &#8211; PR\u00c9SENTATION POLITIQUE &amp; \u00c9CORESPONSABLE<\/b><\/p>\t\t\t\t\t\t<\/div>\n\t\t\t\t<\/div>\n\t\t\t\t<div class=\"elementor-element elementor-element-c41761b elementor-widget-laptop__width-initial elementor-widget-tablet_extra__width-initial elementor-widget elementor-widget-text-editor\" data-id=\"c41761b\" data-element_type=\"widget\" data-widget_type=\"text-editor.default\">\n\t\t\t\t<div class=\"elementor-widget-container\">\n\t\t\t\t\t\t\t<p><span style=\"color: #ffffff;\"><b>L\u2019IA est un levier d&rsquo;\u00e9cologie culturelle<\/b><b><br \/><\/b><span style=\"font-weight: 400;\">Face aux enjeux climatiques, le secteur audiovisuel doit \u00e9voluer.\u00a0<\/span><\/span><\/p><p><span style=\"font-weight: 400; color: #ffffff;\">La d\u00e9marche est claire, utiliser l&rsquo;intelligence artificielle comme un outil de sobri\u00e9t\u00e9 cr\u00e9ative.<\/span><\/p><ul><li><span style=\"font-weight: 400; color: #ffffff;\">R\u00e9duction drastique de l\u2019empreinte carbone<\/span><\/li><li><span style=\"font-weight: 400; color: #ffffff;\">Accessibilit\u00e9 pour les cr\u00e9ateurs ind\u00e9pendants<\/span><\/li><li><span style=\"font-weight: 400; color: #ffffff;\">Autonomie technologique et num\u00e9rique (cloud local, souverainet\u00e9 des donn\u00e9es)<\/span><\/li><li><span style=\"font-weight: 400; color: #ffffff;\">Inclusion de publics \u00e9loign\u00e9s des m\u00e9tiers du cin\u00e9ma classique<\/span><\/li><\/ul>\t\t\t\t\t\t<\/div>\n\t\t\t\t<\/div>\n\t\t\t\t<\/div>\n\t\t\t\t\t<\/div>\n\t\t\t\t<\/div>\n\t\t\t\t<\/div>\n\t\t","protected":false},"excerpt":{"rendered":"<p>BILAN CARBONE &#8211; PRODUCTION \u00ab\u00a0LES CHOURAVE\u00a0\u00bb *T\u00e9l\u00e9chargez le dossier PDF\u200b 1 &#8211; PRODUCTION D&rsquo;UNE S\u00c9RIE PAR INTELLIGENCE ARTIFICIELLE Empreinte carbone estim\u00e9e : Production globale : 180 kg CO\u2082e \u00c9lectricit\u00e9 (ordinateurs IA) : ~150 kg CO\u2082e Transport (domicile \u2013 lieu de travail) : ~30 kg CO\u2082e Ressources mat\u00e9rielles (mat\u00e9riel existant) : 0 kg CO\u2082e (pas de [&hellip;]<\/p>\n","protected":false},"author":1,"featured_media":0,"parent":0,"menu_order":5,"comment_status":"closed","ping_status":"closed","template":"elementor_header_footer","meta":{"site-sidebar-layout":"no-sidebar","site-content-layout":"page-builder","ast-site-content-layout":"full-width-container","site-content-style":"unboxed","site-sidebar-style":"unboxed","ast-global-header-display":"","ast-banner-title-visibility":"","ast-main-header-display":"","ast-hfb-above-header-display":"","ast-hfb-below-header-display":"","ast-hfb-mobile-header-display":"","site-post-title":"disabled","ast-breadcrumbs-content":"","ast-featured-img":"disabled","footer-sml-layout":"","ast-disable-related-posts":"","theme-transparent-header-meta":"enabled","adv-header-id-meta":"","stick-header-meta":"","header-above-stick-meta":"","header-main-stick-meta":"","header-below-stick-meta":"","astra-migrate-meta-layouts":"set","ast-page-background-enabled":"default","ast-page-background-meta":{"desktop":{"background-color":"var(--ast-global-color-4)","background-image":"","background-repeat":"repeat","background-position":"center center","background-size":"auto","background-attachment":"scroll","background-type":"","background-media":"","overlay-type":"","overlay-color":"","overlay-opacity":"","overlay-gradient":""},"tablet":{"background-color":"","background-image":"","background-repeat":"repeat","background-position":"center center","background-size":"auto","background-attachment":"scroll","background-type":"","background-media":"","overlay-type":"","overlay-color":"","overlay-opacity":"","overlay-gradient":""},"mobile":{"background-color":"","background-image":"","background-repeat":"repeat","background-position":"center center","background-size":"auto","background-attachment":"scroll","background-type":"","background-media":"","overlay-type":"","overlay-color":"","overlay-opacity":"","overlay-gradient":""}},"ast-content-background-meta":{"desktop":{"background-color":"var(--ast-global-color-5)","background-image":"","background-repeat":"repeat","background-position":"center center","background-size":"auto","background-attachment":"scroll","background-type":"","background-media":"","overlay-type":"","overlay-color":"","overlay-opacity":"","overlay-gradient":""},"tablet":{"background-color":"var(--ast-global-color-5)","background-image":"","background-repeat":"repeat","background-position":"center center","background-size":"auto","background-attachment":"scroll","background-type":"","background-media":"","overlay-type":"","overlay-color":"","overlay-opacity":"","overlay-gradient":""},"mobile":{"background-color":"var(--ast-global-color-5)","background-image":"","background-repeat":"repeat","background-position":"center center","background-size":"auto","background-attachment":"scroll","background-type":"","background-media":"","overlay-type":"","overlay-color":"","overlay-opacity":"","overlay-gradient":""}},"footnotes":""},"class_list":["post-13583","page","type-page","status-publish","hentry"],"rttpg_featured_image_url":null,"rttpg_author":{"display_name":"contact@cedric-leneutre.com","author_link":"https:\/\/leschourave.com\/?author=1"},"rttpg_comment":0,"rttpg_category":null,"rttpg_excerpt":"BILAN CARBONE &#8211; PRODUCTION \u00ab\u00a0LES CHOURAVE\u00a0\u00bb *T\u00e9l\u00e9chargez le dossier PDF\u200b 1 &#8211; PRODUCTION D&rsquo;UNE S\u00c9RIE PAR INTELLIGENCE ARTIFICIELLE Empreinte carbone estim\u00e9e : Production globale : 180 kg CO\u2082e \u00c9lectricit\u00e9 (ordinateurs IA) : ~150 kg CO\u2082e Transport (domicile \u2013 lieu de travail) : ~30 kg CO\u2082e Ressources mat\u00e9rielles (mat\u00e9riel existant) : 0 kg CO\u2082e (pas de\u2026","_links":{"self":[{"href":"https:\/\/leschourave.com\/index.php?rest_route=\/wp\/v2\/pages\/13583","targetHints":{"allow":["GET"]}}],"collection":[{"href":"https:\/\/leschourave.com\/index.php?rest_route=\/wp\/v2\/pages"}],"about":[{"href":"https:\/\/leschourave.com\/index.php?rest_route=\/wp\/v2\/types\/page"}],"author":[{"embeddable":true,"href":"https:\/\/leschourave.com\/index.php?rest_route=\/wp\/v2\/users\/1"}],"replies":[{"embeddable":true,"href":"https:\/\/leschourave.com\/index.php?rest_route=%2Fwp%2Fv2%2Fcomments&post=13583"}],"version-history":[{"count":7,"href":"https:\/\/leschourave.com\/index.php?rest_route=\/wp\/v2\/pages\/13583\/revisions"}],"predecessor-version":[{"id":13592,"href":"https:\/\/leschourave.com\/index.php?rest_route=\/wp\/v2\/pages\/13583\/revisions\/13592"}],"wp:attachment":[{"href":"https:\/\/leschourave.com\/index.php?rest_route=%2Fwp%2Fv2%2Fmedia&parent=13583"}],"curies":[{"name":"wp","href":"https:\/\/api.w.org\/{rel}","templated":true}]}}